{"id":27,"date":"2024-06-14T12:00:04","date_gmt":"2024-06-14T10:00:04","guid":{"rendered":"https:\/\/www.lasolidalecooperativa.it\/?page_id=27"},"modified":"2026-04-21T11:21:40","modified_gmt":"2026-04-21T09:21:40","slug":"home","status":"publish","type":"page","link":"https:\/\/www.lasolidalecooperativa.it\/en\/","title":{"rendered":"Home"},"content":{"rendered":"<p>[et_pb_section fb_built=&#8221;1&#8243; fullwidth=&#8221;on&#8221; admin_label=&#8221;Header Section&#8221; _builder_version=&#8221;4.16&#8243; background_image=&#8221;https:\/\/www.lasolidalecooperativa.it\/wp-content\/uploads\/2024\/06\/dhmffh.jpg&#8221; parallax=&#8221;on&#8221; top_divider_style=&#8221;clouds2&#8243; top_divider_color=&#8221;rgba(255,255,255,0.6)&#8221; top_divider_height=&#8221;30%&#8221; global_colors_info=&#8221;{}&#8221;][et_pb_fullwidth_header title=&#8221;Cooperativa Sociale&#8221; text_orientation=&#8221;center&#8221; _builder_version=&#8221;4.25.2&#8243; title_level=&#8221;h2&#8243; title_font=&#8221;Rubik|700||on|||||&#8221; title_text_color=&#8221;#ff7355&#8243; title_font_size=&#8221;16px&#8221; title_letter_spacing=&#8221;5px&#8221; title_line_height=&#8221;2em&#8221; content_font=&#8221;Rubik||||||||&#8221; content_font_size=&#8221;18px&#8221; content_line_height=&#8221;2em&#8221; subhead_font=&#8221;Rubik|700|||||||&#8221; subhead_text_color=&#8221;rgba(0,0,0,0.8)&#8221; subhead_font_size=&#8221;50px&#8221; subhead_line_height=&#8221;1.4em&#8221; background_color=&#8221;rgba(255,250,242,0.9)&#8221; background_image=&#8221;https:\/\/www.lasolidalecooperativa.it\/wp-content\/uploads\/2024\/06\/pencils-1.png&#8221; background_size=&#8221;contain&#8221; background_position=&#8221;bottom_center&#8221; custom_button_one=&#8221;on&#8221; button_one_text_size=&#8221;16px&#8221; button_one_text_color=&#8221;#ffffff&#8221; button_one_bg_color=&#8221;#ff7355&#8243; button_one_border_width=&#8221;15px&#8221; button_one_border_color=&#8221;rgba(210,159,104,0)&#8221; button_one_border_radius=&#8221;100px&#8221; button_one_letter_spacing=&#8221;0px&#8221; button_one_font=&#8221;Rubik|700|||||||&#8221; button_one_use_icon=&#8221;off&#8221; custom_button_two=&#8221;on&#8221; button_two_text_size=&#8221;16px&#8221; button_two_text_color=&#8221;#ffffff&#8221; button_two_bg_color=&#8221;rgba(0,0,0,0.6)&#8221; button_two_border_width=&#8221;15px&#8221; button_two_border_color=&#8221;rgba(210,159,104,0)&#8221; button_two_border_radius=&#8221;100px&#8221; button_two_letter_spacing=&#8221;0px&#8221; button_two_font=&#8221;Rubik|700|||||||&#8221; button_two_use_icon=&#8221;off&#8221; background_layout=&#8221;light&#8221; custom_margin=&#8221;|||&#8221; custom_margin_tablet=&#8221;|||&#8221; custom_margin_phone=&#8221;|-30px||-30px|false|false&#8221; custom_margin_last_edited=&#8221;on|phone&#8221; custom_padding=&#8221;10vw||24vw|&#8221; custom_padding_tablet=&#8221;10vw||24vw|&#8221; custom_padding_phone=&#8221;|0px||0px|false|false&#8221; custom_padding_last_edited=&#8221;on|phone&#8221; animation_style=&#8221;slide&#8221; animation_direction=&#8221;bottom&#8221; animation_intensity_slide=&#8221;1%&#8221; content_font_size_tablet=&#8221;&#8221; content_font_size_phone=&#8221;16px&#8221; content_font_size_last_edited=&#8221;on|phone&#8221; subhead_font_size_tablet=&#8221;&#8221; subhead_font_size_phone=&#8221;30px&#8221; subhead_font_size_last_edited=&#8221;on|phone&#8221; box_shadow_style=&#8221;preset6&#8243; box_shadow_vertical=&#8221;-10px&#8221; box_shadow_color=&#8221;rgba(0,0,0,0.2)&#8221; button_one_border_radius_hover=&#8221;100px&#8221; button_two_border_radius_hover=&#8221;100px&#8221; button_one_bg_color_hover=&#8221;#ff8a70&#8243; button_two_bg_color_hover=&#8221;#ff8a70&#8243; global_colors_info=&#8221;{}&#8221; button_one_text_size__hover_enabled=&#8221;off&#8221; button_two_text_size__hover_enabled=&#8221;off&#8221; button_one_text_color__hover_enabled=&#8221;off&#8221; button_two_text_color__hover_enabled=&#8221;off&#8221; button_one_border_width__hover_enabled=&#8221;off&#8221; button_two_border_width__hover_enabled=&#8221;off&#8221; button_one_border_color__hover_enabled=&#8221;off&#8221; button_two_border_color__hover_enabled=&#8221;off&#8221; button_one_border_radius__hover_enabled=&#8221;on&#8221; button_one_border_radius__hover=&#8221;100px&#8221; button_two_border_radius__hover_enabled=&#8221;on&#8221; button_two_border_radius__hover=&#8221;100px&#8221; button_one_letter_spacing__hover_enabled=&#8221;off&#8221; button_two_letter_spacing__hover_enabled=&#8221;off&#8221; button_one_bg_color__hover_enabled=&#8221;on&#8221; button_one_bg_color__hover=&#8221;#ff8a70&#8243; button_two_bg_color__hover_enabled=&#8221;on&#8221; button_two_bg_color__hover=&#8221;#ff8a70&#8243;]<\/p>\n<h2 style=\"text-align: center;\"><strong>La Solidale<\/strong><\/h2>\n<p style=\"text-align: justify;\">La Cooperativa sociale La Solidale opera nell\u2019ambito socioeducativo per i minori di et\u00e0 compresa tra i 2 e 10 anni.<\/p>\n<p style=\"text-align: justify;\">La cooperativa inizia le sue attivit\u00e0 in Toscana, ma da anni opera in un contesto geografico pi\u00f9 ampio che comprende anche l\u2019Umbria e le Marche. \u00c8 una organizzazione senza fini di lucro che vede tra i propri soci coloro che operano anche come lavoratori all\u2019interno delle attivit\u00e0. Tra le proprie finalit\u00e0 riveste grande rilevanza l\u2019attenzione a minori e\/o svantaggiati per contesti di provenienza, debolezza fisica, psichica o socioeconomica.<\/p>\n<p>[\/et_pb_fullwidth_header][\/et_pb_section][et_pb_section fb_built=&#8221;1&#8243; admin_label=&#8221;Footer&#8221; _builder_version=&#8221;4.16&#8243; background_image=&#8221;https:\/\/www.lasolidalecooperativa.it\/wp-content\/uploads\/2024\/06\/jess-watters-483666-unsplash.jpg&#8221; parallax=&#8221;on&#8221; custom_margin=&#8221;|||&#8221; custom_padding=&#8221;|||&#8221; global_colors_info=&#8221;{}&#8221;][et_pb_row use_custom_gutter=&#8221;on&#8221; gutter_width=&#8221;2&#8243; make_equal=&#8221;on&#8221; _builder_version=&#8221;4.25.2&#8243; custom_padding=&#8221;|||&#8221; animation_style=&#8221;fade&#8221; border_radii=&#8221;on|10px|10px|10px|10px&#8221; global_colors_info=&#8221;{}&#8221;][et_pb_column type=&#8221;4_4&#8243; _builder_version=&#8221;4.25.2&#8243; custom_padding=&#8221;|||&#8221; global_colors_info=&#8221;{}&#8221; custom_padding__hover=&#8221;|||&#8221;][et_pb_cta button_url=&#8221;#top&#8221; _builder_version=&#8221;4.25.2&#8243; header_font=&#8221;Rubik|700|||||||&#8221; header_font_size=&#8221;40px&#8221; header_line_height=&#8221;1.4em&#8221; body_font=&#8221;Rubik||||||||&#8221; body_line_height=&#8221;2em&#8221; background_color=&#8221;#ffffff&#8221; custom_button=&#8221;on&#8221; button_text_size=&#8221;16px&#8221; button_text_color=&#8221;#ffffff&#8221; button_bg_color=&#8221;#7f5aff&#8221; button_border_width=&#8221;10px&#8221; button_border_color=&#8221;rgba(65,65,144,0)&#8221; button_border_radius=&#8221;70px&#8221; button_font=&#8221;Rubik|700|||||||&#8221; button_use_icon=&#8221;off&#8221; text_orientation=&#8221;left&#8221; background_layout=&#8221;light&#8221; max_width_last_edited=&#8221;off|desktop&#8221; module_alignment=&#8221;right&#8221; custom_margin=&#8221;|||&#8221; custom_padding=&#8221;64px|60px|64px|60px|true&#8221; header_font_size_tablet=&#8221;&#8221; header_font_size_phone=&#8221;30px&#8221; header_font_size_last_edited=&#8221;on|phone&#8221; body_line_height_last_edited=&#8221;off|desktop&#8221; border_radii=&#8221;on|10px|10px|10px|10px&#8221; button_text_color_hover=&#8221;#ffffff&#8221; button_border_radius_hover=&#8221;70px&#8221; button_bg_color_hover=&#8221;#9577ff&#8221; global_colors_info=&#8221;{}&#8221; button_text_size__hover_enabled=&#8221;off&#8221; button_one_text_size__hover_enabled=&#8221;off&#8221; button_two_text_size__hover_enabled=&#8221;off&#8221; button_text_color__hover_enabled=&#8221;on&#8221; button_text_color__hover=&#8221;#ffffff&#8221; button_one_text_color__hover_enabled=&#8221;off&#8221; button_two_text_color__hover_enabled=&#8221;off&#8221; button_border_width__hover_enabled=&#8221;off&#8221; button_one_border_width__hover_enabled=&#8221;off&#8221; button_two_border_width__hover_enabled=&#8221;off&#8221; button_border_color__hover_enabled=&#8221;off&#8221; button_one_border_color__hover_enabled=&#8221;off&#8221; button_two_border_color__hover_enabled=&#8221;off&#8221; button_border_radius__hover_enabled=&#8221;on&#8221; button_border_radius__hover=&#8221;70px&#8221; button_one_border_radius__hover_enabled=&#8221;off&#8221; button_two_border_radius__hover_enabled=&#8221;off&#8221; button_letter_spacing__hover_enabled=&#8221;off&#8221; button_one_letter_spacing__hover_enabled=&#8221;off&#8221; button_two_letter_spacing__hover_enabled=&#8221;off&#8221; button_bg_color__hover_enabled=&#8221;on&#8221; button_bg_color__hover=&#8221;#9577ff&#8221; button_one_bg_color__hover_enabled=&#8221;off&#8221; button_two_bg_color__hover_enabled=&#8221;off&#8221;]<\/p>\n<h1 style=\"text-align: center;\"><strong>Contatti<\/strong><\/h1>\n<p><strong><\/strong><\/p>\n<p style=\"text-align: center;\"><strong>Dati:<\/strong><\/p>\n<p style=\"text-align: center;\">Solidale Societ\u00e0 Cooperativa Sociale<br \/>tel. 0736\/342740 <br \/>partita iva 01770840443 <br \/>iscrizione REA n. 172373 <br \/>iscrizione albo cooperative n. 14764<\/p>\n<p style=\"text-align: center;\"><strong>Indirizzo:<\/strong><\/p>\n<p style=\"text-align: center;\">VIA MATTEOTTI, 25, 50100 FIRENZE (FI)<\/p>\n<p>[\/et_pb_cta][\/et_pb_column][\/et_pb_row][\/et_pb_section]<\/p>\n","protected":false},"excerpt":{"rendered":"<p>La Solidale La Cooperativa sociale La Solidale opera nell\u2019ambito socioeducativo per i minori di et\u00e0 compresa tra i 2 e 10 anni. La cooperativa inizia le sue attivit\u00e0 in Toscana, ma da anni opera in un contesto geografico pi\u00f9 ampio che comprende anche l\u2019Umbria e le Marche. \u00c8 una organizzazione senza fini di lucro che [&hellip;]<\/p>\n","protected":false},"author":1,"featured_media":0,"parent":0,"menu_order":0,"comment_status":"closed","ping_status":"closed","template":"","meta":{"_et_pb_use_builder":"on","_et_pb_old_content":"","_et_gb_content_width":"","footnotes":""},"class_list":["post-27","page","type-page","status-publish","hentry"],"_links":{"self":[{"href":"https:\/\/www.lasolidalecooperativa.it\/en\/wp-json\/wp\/v2\/pages\/27","targetHints":{"allow":["GET"]}}],"collection":[{"href":"https:\/\/www.lasolidalecooperativa.it\/en\/wp-json\/wp\/v2\/pages"}],"about":[{"href":"https:\/\/www.lasolidalecooperativa.it\/en\/wp-json\/wp\/v2\/types\/page"}],"author":[{"embeddable":true,"href":"https:\/\/www.lasolidalecooperativa.it\/en\/wp-json\/wp\/v2\/users\/1"}],"replies":[{"embeddable":true,"href":"https:\/\/www.lasolidalecooperativa.it\/en\/wp-json\/wp\/v2\/comments?post=27"}],"version-history":[{"count":4,"href":"https:\/\/www.lasolidalecooperativa.it\/en\/wp-json\/wp\/v2\/pages\/27\/revisions"}],"predecessor-version":[{"id":425,"href":"https:\/\/www.lasolidalecooperativa.it\/en\/wp-json\/wp\/v2\/pages\/27\/revisions\/425"}],"wp:attachment":[{"href":"https:\/\/www.lasolidalecooperativa.it\/en\/wp-json\/wp\/v2\/media?parent=27"}],"curies":[{"name":"wp","href":"https:\/\/api.w.org\/{rel}","templated":true}]}}